{"id":3,"date":"2023-12-19T10:20:21","date_gmt":"2023-12-19T09:20:21","guid":{"rendered":"https:\/\/freddiwww.nvnova.it\/?page_id=3"},"modified":"2024-01-24T10:08:03","modified_gmt":"2024-01-24T09:08:03","slug":"privacy-policy","status":"publish","type":"page","link":"https:\/\/freddiapp.nvnova.it\/en\/privacy-policy\/","title":{"rendered":"Privacy Policy"},"content":{"rendered":"<p>Gent. Utente,<br \/>\nLa informiamo che il GDPR 2016\/679 (Nuovo Regolamento Europeo sulla protezione dei dati personali) prevede che il trattamento dei suoi dati personali sia improntato ai principi di correttezza, liceit\u00e0, trasparenza e di tutela della sua riservatezza e dei suoi diritti.<\/p>\n<p>Pertanto Le comunichiamo che il trattamento dei dati personali che ci fornir\u00e0 avr\u00e0 le seguenti caratteristiche:<\/p>\n<p>1. Il titolare del trattamento \u00e8: NVNOVA s.r.l. \u2013 via J. LINUSSIO 51 \u2013 33100 Udine (UD);<\/p>\n<p>2. Il responsabile del trattamento \u00e8: Maurizio Taiarol, che potr\u00e0 essere contattato al seguente indirizzo email: maurizio.taiarol@nvnova.it oppure al numero tel. 0432629713<\/p>\n<p>3. I suoi dati personali sono da noi raccolti per finalit\u00e0 gestionali, commerciali, promozionali, e per garantire il corretto adempimento delle richieste inoltrate;<\/p>\n<p>4. Il sito utilizza Google Analytics, un servizio di analisi web fornito da Google, Inc. (\u201cGoogle\u201d) che utilizza dei \u201ccookies\u201d, file d\u00ec testo che vengono depositati sul computer dell\u2019utente per consentire al sito web di analizzare l\u2019utilizzo del sito da parte dei visitatori. Le informazioni generate dal cookie sull\u2019utilizzo del sito web da parte degli utenti (compreso l\u2019indirizzo IP) verranno trasmesse a, e depositate presso i server di Google negli Stati Uniti. Google utilizzer\u00e0 queste informazioni allo scopo di tracciare e esaminare l\u2019utilizzo del sito web, compilare report sulle attivit\u00e0 del sito web per gli operatori del sito web e fornire altri servizi relativi alle attivit\u00e0 del sito web e all\u2019utilizzo di Internet. Google pu\u00f2 anche trasferire queste informazioni a terzi ove ci\u00f2 sia imposto dalla legge o laddove tali terzi trattino le suddette informazioni per conto di Google. Google non assocer\u00e0 il vostro indirizzo IP a nessun altro dato posseduto da Google;<\/p>\n<p>5. \u00c8 possibile disabilitare l\u2019uso di cookies selezionando l\u2019impostazione appropriata sul browser, ma ci\u00f2 potrebbe impedire l\u2019utilizzo di alcune funzionalit\u00e0 di questo sito web. Il sito contiene link a siti esterni. NVNOVA s.r.l. non \u00e8 responsabile delle informazioni e dei dati eventualmente forniti dall\u2019utente a tali siti. Le informazioni vengono semplicemente fornite come servizio ai nostri clienti. Per avere informazioni in merito alle informazioni raccolti dai siti esterni sar\u00e0 quindi necessario contattare direttamente tali siti;<\/p>\n<p>6. I dati acquisiti potranno essere comunicati e diffusi, in osservanza del GDPR 2016\/679, allo scopo di perseguire le finalit\u00e0 sopra indicate e saranno comunicati inoltre ai ns. Collaboratori esterni per il supporto commerciale e legale, ai ns. Consulenti ed alla Pubblica Amministrazione per gli adempimenti tributari e fiscali;<br \/>\n7. I suoi dati personali saranno conservati presso i ns. archivi per due anni: se sono stati acquisiti per fini tributari e fiscali, la loro conservazione \u00e8 di dieci anni, come imposto dalla legislazione fiscale in vigore;<\/p>\n<p>8. Lei ha il diritto di chiedere in ogni momento al titolare del trattamento l\u2019accesso ai suoi dati personali, la loro rettifica o cancellazione o la limitazione del trattamento che lo riguardano o di opporsi al loro trattamento, oltre al diritto alla portabilit\u00e0 dei dati, se possibile;<\/p>\n<p>9. Lei, qualora ritenga che siano stati violati i suoi diritti, pu\u00f2 proporre reclamo al Garante per la protezione dei dati personali o all\u2019Autorit\u00e0 Giudiziaria;<\/p>\n<p>10. Il conferimento dei dati personali \u00e8 facoltativo ma l\u2019eventuale rifiuto comporter\u00e0 la mancata esecuzione delle richieste inoltrate e\/o del contratto in essere.<\/p>","protected":false},"excerpt":{"rendered":"<p>Gent. Utente, La informiamo che il GDPR 2016\/679 (Nuovo Regolamento [&#8230;]<\/p>\n","protected":false},"author":1,"featured_media":0,"parent":0,"menu_order":0,"comment_status":"closed","ping_status":"open","template":"","meta":{"footnotes":""},"class_list":["post-3","page","type-page","status-publish","hentry"],"yoast_head":"<!-- This site is optimized with the Yoast SEO plugin v27.4 - https:\/\/yoast.com\/product\/yoast-seo-wordpress\/ -->\n<title>Privacy Policy - Freddi<\/title>\n<meta name=\"robots\" content=\"index, follow, max-snippet:-1, max-image-preview:large, max-video-preview:-1\" \/>\n<link rel=\"canonical\" href=\"https:\/\/freddiapp.nvnova.it\/en\/privacy-policy\/\" \/>\n<meta property=\"og:locale\" content=\"en_GB\" \/>\n<meta property=\"og:type\" content=\"article\" \/>\n<meta property=\"og:title\" content=\"Privacy Policy - Freddi\" \/>\n<meta property=\"og:description\" content=\"Gent. Utente, La informiamo che il GDPR 2016\/679 (Nuovo Regolamento [...]\" \/>\n<meta property=\"og:url\" content=\"https:\/\/freddiapp.nvnova.it\/en\/privacy-policy\/\" \/>\n<meta property=\"og:site_name\" content=\"Freddi\" \/>\n<meta property=\"article:modified_time\" content=\"2024-01-24T09:08:03+00:00\" \/>\n<meta name=\"twitter:card\" content=\"summary_large_image\" \/>\n<meta name=\"twitter:label1\" content=\"Estimated reading time\" \/>\n\t<meta name=\"twitter:data1\" content=\"3 minutes\" \/>\n<script type=\"application\/ld+json\" class=\"yoast-schema-graph\">{\"@context\":\"https:\\\/\\\/schema.org\",\"@graph\":[{\"@type\":\"WebPage\",\"@id\":\"https:\\\/\\\/freddiapp.nvnova.it\\\/privacy-policy\\\/\",\"url\":\"https:\\\/\\\/freddiapp.nvnova.it\\\/privacy-policy\\\/\",\"name\":\"Privacy Policy - Freddi\",\"isPartOf\":{\"@id\":\"https:\\\/\\\/freddiapp.nvnova.it\\\/#website\"},\"datePublished\":\"2023-12-19T09:20:21+00:00\",\"dateModified\":\"2024-01-24T09:08:03+00:00\",\"breadcrumb\":{\"@id\":\"https:\\\/\\\/freddiapp.nvnova.it\\\/privacy-policy\\\/#breadcrumb\"},\"inLanguage\":\"en-GB\",\"potentialAction\":[{\"@type\":\"ReadAction\",\"target\":[\"https:\\\/\\\/freddiapp.nvnova.it\\\/privacy-policy\\\/\"]}]},{\"@type\":\"BreadcrumbList\",\"@id\":\"https:\\\/\\\/freddiapp.nvnova.it\\\/privacy-policy\\\/#breadcrumb\",\"itemListElement\":[{\"@type\":\"ListItem\",\"position\":1,\"name\":\"Home\",\"item\":\"https:\\\/\\\/freddiapp.nvnova.it\\\/\"},{\"@type\":\"ListItem\",\"position\":2,\"name\":\"Privacy Policy\"}]},{\"@type\":\"WebSite\",\"@id\":\"https:\\\/\\\/freddiapp.nvnova.it\\\/#website\",\"url\":\"https:\\\/\\\/freddiapp.nvnova.it\\\/\",\"name\":\"Freddi\",\"description\":\"\",\"publisher\":{\"@id\":\"https:\\\/\\\/freddiapp.nvnova.it\\\/#organization\"},\"potentialAction\":[{\"@type\":\"SearchAction\",\"target\":{\"@type\":\"EntryPoint\",\"urlTemplate\":\"https:\\\/\\\/freddiapp.nvnova.it\\\/?s={search_term_string}\"},\"query-input\":{\"@type\":\"PropertyValueSpecification\",\"valueRequired\":true,\"valueName\":\"search_term_string\"}}],\"inLanguage\":\"en-GB\"},{\"@type\":\"Organization\",\"@id\":\"https:\\\/\\\/freddiapp.nvnova.it\\\/#organization\",\"name\":\"Freddi\",\"url\":\"https:\\\/\\\/freddiapp.nvnova.it\\\/\",\"logo\":{\"@type\":\"ImageObject\",\"inLanguage\":\"en-GB\",\"@id\":\"https:\\\/\\\/freddiapp.nvnova.it\\\/#\\\/schema\\\/logo\\\/image\\\/\",\"url\":\"https:\\\/\\\/freddiapp.nvnova.it\\\/wp-content\\\/uploads\\\/2024\\\/01\\\/logofreddi.png\",\"contentUrl\":\"https:\\\/\\\/freddiapp.nvnova.it\\\/wp-content\\\/uploads\\\/2024\\\/01\\\/logofreddi.png\",\"width\":8677,\"height\":2000,\"caption\":\"Freddi\"},\"image\":{\"@id\":\"https:\\\/\\\/freddiapp.nvnova.it\\\/#\\\/schema\\\/logo\\\/image\\\/\"}}]}<\/script>\n<!-- \/ Yoast SEO plugin. -->","yoast_head_json":{"title":"Privacy Policy - Freddi","robots":{"index":"index","follow":"follow","max-snippet":"max-snippet:-1","max-image-preview":"max-image-preview:large","max-video-preview":"max-video-preview:-1"},"canonical":"https:\/\/freddiapp.nvnova.it\/en\/privacy-policy\/","og_locale":"en_GB","og_type":"article","og_title":"Privacy Policy - Freddi","og_description":"Gent. Utente, La informiamo che il GDPR 2016\/679 (Nuovo Regolamento [...]","og_url":"https:\/\/freddiapp.nvnova.it\/en\/privacy-policy\/","og_site_name":"Freddi","article_modified_time":"2024-01-24T09:08:03+00:00","twitter_card":"summary_large_image","twitter_misc":{"Estimated reading time":"3 minutes"},"schema":{"@context":"https:\/\/schema.org","@graph":[{"@type":"WebPage","@id":"https:\/\/freddiapp.nvnova.it\/privacy-policy\/","url":"https:\/\/freddiapp.nvnova.it\/privacy-policy\/","name":"Privacy Policy - Freddi","isPartOf":{"@id":"https:\/\/freddiapp.nvnova.it\/#website"},"datePublished":"2023-12-19T09:20:21+00:00","dateModified":"2024-01-24T09:08:03+00:00","breadcrumb":{"@id":"https:\/\/freddiapp.nvnova.it\/privacy-policy\/#breadcrumb"},"inLanguage":"en-GB","potentialAction":[{"@type":"ReadAction","target":["https:\/\/freddiapp.nvnova.it\/privacy-policy\/"]}]},{"@type":"BreadcrumbList","@id":"https:\/\/freddiapp.nvnova.it\/privacy-policy\/#breadcrumb","itemListElement":[{"@type":"ListItem","position":1,"name":"Home","item":"https:\/\/freddiapp.nvnova.it\/"},{"@type":"ListItem","position":2,"name":"Privacy Policy"}]},{"@type":"WebSite","@id":"https:\/\/freddiapp.nvnova.it\/#website","url":"https:\/\/freddiapp.nvnova.it\/","name":"Freddi","description":"","publisher":{"@id":"https:\/\/freddiapp.nvnova.it\/#organization"},"potentialAction":[{"@type":"SearchAction","target":{"@type":"EntryPoint","urlTemplate":"https:\/\/freddiapp.nvnova.it\/?s={search_term_string}"},"query-input":{"@type":"PropertyValueSpecification","valueRequired":true,"valueName":"search_term_string"}}],"inLanguage":"en-GB"},{"@type":"Organization","@id":"https:\/\/freddiapp.nvnova.it\/#organization","name":"Freddi","url":"https:\/\/freddiapp.nvnova.it\/","logo":{"@type":"ImageObject","inLanguage":"en-GB","@id":"https:\/\/freddiapp.nvnova.it\/#\/schema\/logo\/image\/","url":"https:\/\/freddiapp.nvnova.it\/wp-content\/uploads\/2024\/01\/logofreddi.png","contentUrl":"https:\/\/freddiapp.nvnova.it\/wp-content\/uploads\/2024\/01\/logofreddi.png","width":8677,"height":2000,"caption":"Freddi"},"image":{"@id":"https:\/\/freddiapp.nvnova.it\/#\/schema\/logo\/image\/"}}]}},"_links":{"self":[{"href":"https:\/\/freddiapp.nvnova.it\/en\/wp-json\/wp\/v2\/pages\/3","targetHints":{"allow":["GET"]}}],"collection":[{"href":"https:\/\/freddiapp.nvnova.it\/en\/wp-json\/wp\/v2\/pages"}],"about":[{"href":"https:\/\/freddiapp.nvnova.it\/en\/wp-json\/wp\/v2\/types\/page"}],"author":[{"embeddable":true,"href":"https:\/\/freddiapp.nvnova.it\/en\/wp-json\/wp\/v2\/users\/1"}],"replies":[{"embeddable":true,"href":"https:\/\/freddiapp.nvnova.it\/en\/wp-json\/wp\/v2\/comments?post=3"}],"version-history":[{"count":3,"href":"https:\/\/freddiapp.nvnova.it\/en\/wp-json\/wp\/v2\/pages\/3\/revisions"}],"predecessor-version":[{"id":2388,"href":"https:\/\/freddiapp.nvnova.it\/en\/wp-json\/wp\/v2\/pages\/3\/revisions\/2388"}],"wp:attachment":[{"href":"https:\/\/freddiapp.nvnova.it\/en\/wp-json\/wp\/v2\/media?parent=3"}],"curies":[{"name":"wp","href":"https:\/\/api.w.org\/{rel}","templated":true}]}}